{"id":1774,"date":"2025-07-21T00:19:31","date_gmt":"2025-07-21T06:19:31","guid":{"rendered":"https:\/\/hostaljirehometepe.com\/services\/"},"modified":"2026-02-26T13:03:43","modified_gmt":"2026-02-26T19:03:43","slug":"services","status":"publish","type":"page","link":"https:\/\/hostaljirehometepe.com\/en\/services\/","title":{"rendered":"Services"},"content":{"rendered":"<div data-elementor-type=\"wp-post\" data-elementor-id=\"1774\" class=\"elementor elementor-1774\">\n\t\t\t\t<div class=\"elementor-element elementor-element-ecdc542 e-flex e-con-boxed e-con e-parent\" data-id=\"ecdc542\" data-element_type=\"container\" data-e-type=\"container\" data-settings=\"{&quot;background_background&quot;:&quot;classic&quot;}\">\n\t\t\t\t\t<div class=\"e-con-inner\">\n\t\t<div class=\"elementor-element elementor-element-341f31e e-con-full e-flex e-con e-child\" data-id=\"341f31e\" data-element_type=\"container\" data-e-type=\"container\">\n\t\t\t\t<div class=\"elementor-element elementor-element-c607c23 elementor-widget elementor-widget-heading\" data-id=\"c607c23\" data-element_type=\"widget\" data-e-type=\"widget\" data-widget_type=\"heading.default\">\n\t\t\t\t<div class=\"elementor-widget-container\">\n\t\t\t\t\t<h1 class=\"elementor-heading-title elementor-size-default\">Servicios<\/h1>\t\t\t\t<\/div>\n\t\t\t\t<\/div>\n\t\t\t\t<\/div>\n\t\t\t\t\t<\/div>\n\t\t\t\t<\/div>\n\t\t<div class=\"elementor-element elementor-element-1ea260a e-flex e-con-boxed e-con e-parent\" data-id=\"1ea260a\" data-element_type=\"container\" data-e-type=\"container\">\n\t\t\t\t\t<div class=\"e-con-inner\">\n\t\t<div class=\"elementor-element elementor-element-53e9612 e-con-full e-flex e-con e-child\" data-id=\"53e9612\" data-element_type=\"container\" data-e-type=\"container\">\n\t\t\t\t<div class=\"elementor-element elementor-element-9db05f7 elementor-widget-divider--view-line elementor-widget elementor-widget-divider\" data-id=\"9db05f7\" data-element_type=\"widget\" data-e-type=\"widget\" data-widget_type=\"divider.default\">\n\t\t\t\t<div class=\"elementor-widget-container\">\n\t\t\t\t\t\t\t<div class=\"elementor-divider\">\n\t\t\t<span class=\"elementor-divider-separator\">\n\t\t\t\t\t\t<\/span>\n\t\t<\/div>\n\t\t\t\t\t\t<\/div>\n\t\t\t\t<\/div>\n\t\t\t\t<div class=\"elementor-element elementor-element-7179047 elementor-widget elementor-widget-heading\" data-id=\"7179047\" data-element_type=\"widget\" data-e-type=\"widget\" data-widget_type=\"heading.default\">\n\t\t\t\t<div class=\"elementor-widget-container\">\n\t\t\t\t\t<h2 class=\"elementor-heading-title elementor-size-default\">Empieza tu aventura con nosotros.<\/h2>\t\t\t\t<\/div>\n\t\t\t\t<\/div>\n\t\t\t\t<div class=\"elementor-element elementor-element-18e4ffe elementor-widget elementor-widget-text-editor\" data-id=\"18e4ffe\" data-element_type=\"widget\" data-e-type=\"widget\" data-widget_type=\"text-editor.default\">\n\t\t\t\t<div class=\"elementor-widget-container\">\n\t\t\t\t\t\t\t\t\t<p data-start=\"198\" data-end=\"455\">En Hostal Jireh nos enfocamos en brindarte una experiencia completa, c\u00f3moda y aut\u00e9ntica durante tu visita a la m\u00e1gica Isla de Ometepe. M\u00e1s que un hospedaje, ofrecemos atenci\u00f3n cercana, apoyo local y todo lo que necesitas para disfrutar al m\u00e1ximo tu estad\u00eda.<\/p><p data-start=\"457\" data-end=\"690\">\u00a0<\/p>\t\t\t\t\t\t\t\t<\/div>\n\t\t\t\t<\/div>\n\t\t\t\t<\/div>\n\t\t\t\t\t<\/div>\n\t\t\t\t<\/div>\n\t\t<div class=\"elementor-element elementor-element-763a77a e-flex e-con-boxed e-con e-parent\" data-id=\"763a77a\" data-element_type=\"container\" data-e-type=\"container\">\n\t\t\t\t\t<div class=\"e-con-inner\">\n\t\t<div class=\"elementor-element elementor-element-b19ea39 e-con-full e-flex e-con e-child\" data-id=\"b19ea39\" data-element_type=\"container\" data-e-type=\"container\">\n\t\t\t\t<div class=\"elementor-element elementor-element-f99f203 elementor-widget elementor-widget-image\" data-id=\"f99f203\" data-element_type=\"widget\" data-e-type=\"widget\" data-widget_type=\"image.default\">\n\t\t\t\t<div class=\"elementor-widget-container\">\n\t\t\t\t\t\t\t\t\t\t\t\t\t\t\t<img fetchpriority=\"high\" decoding=\"async\" width=\"589\" height=\"392\" src=\"https:\/\/hostaljirehometepe.com\/wp-content\/uploads\/2025\/07\/excursion-isla-ometepe-589x392-1.avif\" class=\"attachment-large size-large wp-image-1803\" alt=\"excursion isla ometepe 589x392\" srcset=\"https:\/\/hostaljirehometepe.com\/wp-content\/uploads\/2025\/07\/excursion-isla-ometepe-589x392-1.avif 589w, https:\/\/hostaljirehometepe.com\/wp-content\/uploads\/2025\/07\/excursion-isla-ometepe-589x392-1-300x200.avif 300w\" sizes=\"(max-width: 589px) 100vw, 589px\" title=\"Services\">\t\t\t\t\t\t\t\t\t\t\t\t\t\t\t<\/div>\n\t\t\t\t<\/div>\n\t\t\t\t<\/div>\n\t\t<div class=\"elementor-element elementor-element-ec35598 e-con-full e-flex e-con e-child\" data-id=\"ec35598\" data-element_type=\"container\" data-e-type=\"container\">\n\t\t\t\t<div class=\"elementor-element elementor-element-2d2b862 elementor-widget elementor-widget-image\" data-id=\"2d2b862\" data-element_type=\"widget\" data-e-type=\"widget\" data-widget_type=\"image.default\">\n\t\t\t\t<div class=\"elementor-widget-container\">\n\t\t\t\t\t\t\t\t\t\t\t\t\t\t\t<img decoding=\"async\" width=\"568\" height=\"378\" src=\"https:\/\/hostaljirehometepe.com\/wp-content\/uploads\/2025\/07\/0e20b4_49772ca751614714bb63bea6785e3e99mv2.avif\" class=\"attachment-large size-large wp-image-1919\" alt=\"0e20b4 49772ca751614714bb63bea6785e3e99~mv2\" srcset=\"https:\/\/hostaljirehometepe.com\/wp-content\/uploads\/2025\/07\/0e20b4_49772ca751614714bb63bea6785e3e99mv2.avif 568w, https:\/\/hostaljirehometepe.com\/wp-content\/uploads\/2025\/07\/0e20b4_49772ca751614714bb63bea6785e3e99mv2-300x200.avif 300w\" sizes=\"(max-width: 568px) 100vw, 568px\" title=\"Services\">\t\t\t\t\t\t\t\t\t\t\t\t\t\t\t<\/div>\n\t\t\t\t<\/div>\n\t\t\t\t<\/div>\n\t\t\t\t\t<\/div>\n\t\t\t\t<\/div>\n\t\t<div class=\"elementor-element elementor-element-5ce4035 e-flex e-con-boxed e-con e-parent\" data-id=\"5ce4035\" data-element_type=\"container\" data-e-type=\"container\">\n\t\t\t\t\t<div class=\"e-con-inner\">\n\t\t<div class=\"elementor-element elementor-element-a722f70 e-con-full e-flex e-con e-child\" data-id=\"a722f70\" data-element_type=\"container\" data-e-type=\"container\">\n\t\t\t\t<div class=\"elementor-element elementor-element-07df97f elementor-widget elementor-widget-image\" data-id=\"07df97f\" data-element_type=\"widget\" data-e-type=\"widget\" data-widget_type=\"image.default\">\n\t\t\t\t<div class=\"elementor-widget-container\">\n\t\t\t\t\t\t\t\t\t\t\t\t\t\t\t<img decoding=\"async\" width=\"1024\" height=\"576\" src=\"https:\/\/hostaljirehometepe.com\/wp-content\/uploads\/2025\/07\/Isla-de-Ometepe-Nicaragua-e1628621825775-1024x576.webp\" class=\"attachment-large size-large wp-image-1918\" alt=\"isla de ometepe nicaragua e1628621825775\" srcset=\"https:\/\/hostaljirehometepe.com\/wp-content\/uploads\/2025\/07\/Isla-de-Ometepe-Nicaragua-e1628621825775-1024x576.webp 1024w, https:\/\/hostaljirehometepe.com\/wp-content\/uploads\/2025\/07\/Isla-de-Ometepe-Nicaragua-e1628621825775-300x169.webp 300w, https:\/\/hostaljirehometepe.com\/wp-content\/uploads\/2025\/07\/Isla-de-Ometepe-Nicaragua-e1628621825775-768x432.webp 768w, https:\/\/hostaljirehometepe.com\/wp-content\/uploads\/2025\/07\/Isla-de-Ometepe-Nicaragua-e1628621825775.webp 1280w\" sizes=\"(max-width: 1024px) 100vw, 1024px\" title=\"Services\">\t\t\t\t\t\t\t\t\t\t\t\t\t\t\t<\/div>\n\t\t\t\t<\/div>\n\t\t\t\t<\/div>\n\t\t<div class=\"elementor-element elementor-element-78f6d94 e-con-full e-flex e-con e-child\" data-id=\"78f6d94\" data-element_type=\"container\" data-e-type=\"container\">\n\t\t\t\t<div class=\"elementor-element elementor-element-4befabd elementor-widget elementor-widget-image\" data-id=\"4befabd\" data-element_type=\"widget\" data-e-type=\"widget\" data-widget_type=\"image.default\">\n\t\t\t\t<div class=\"elementor-widget-container\">\n\t\t\t\t\t\t\t\t\t\t\t\t\t\t\t<img loading=\"lazy\" decoding=\"async\" width=\"1024\" height=\"576\" src=\"https:\/\/hostaljirehometepe.com\/wp-content\/uploads\/2025\/07\/0c82d97d-860d-42a6-a0f6-420a163f344d_16-9-discover-aspect-ratio_default_0-1024x576.jpg\" class=\"attachment-large size-large wp-image-1920\" alt=\"0c82d97d 860d 42a6 a0f6 420a163f344d 16 9 discover aspect ratio default 0\" srcset=\"https:\/\/hostaljirehometepe.com\/wp-content\/uploads\/2025\/07\/0c82d97d-860d-42a6-a0f6-420a163f344d_16-9-discover-aspect-ratio_default_0-1024x576.jpg 1024w, https:\/\/hostaljirehometepe.com\/wp-content\/uploads\/2025\/07\/0c82d97d-860d-42a6-a0f6-420a163f344d_16-9-discover-aspect-ratio_default_0-300x169.jpg 300w, https:\/\/hostaljirehometepe.com\/wp-content\/uploads\/2025\/07\/0c82d97d-860d-42a6-a0f6-420a163f344d_16-9-discover-aspect-ratio_default_0-768x432.jpg 768w, https:\/\/hostaljirehometepe.com\/wp-content\/uploads\/2025\/07\/0c82d97d-860d-42a6-a0f6-420a163f344d_16-9-discover-aspect-ratio_default_0.jpg 1200w\" sizes=\"(max-width: 1024px) 100vw, 1024px\" title=\"Services\">\t\t\t\t\t\t\t\t\t\t\t\t\t\t\t<\/div>\n\t\t\t\t<\/div>\n\t\t\t\t<\/div>\n\t\t\t\t\t<\/div>\n\t\t\t\t<\/div>\n\t\t<div class=\"elementor-element elementor-element-1a570c0 e-flex e-con-boxed e-con e-parent\" data-id=\"1a570c0\" data-element_type=\"container\" data-e-type=\"container\" data-settings=\"{&quot;background_background&quot;:&quot;classic&quot;}\">\n\t\t\t\t\t<div class=\"e-con-inner\">\n\t\t\t\t\t<\/div>\n\t\t\t\t<\/div>\n\t\t\t\t<\/div>","protected":false},"excerpt":{"rendered":"<p>Servicios Empieza tu aventura con nosotros. En Hostal Jireh nos enfocamos en brindarte una experiencia completa, c\u00f3moda y aut\u00e9ntica durante tu visita a la m\u00e1gica Isla de Ometepe. M\u00e1s que un hospedaje, ofrecemos atenci\u00f3n cercana, apoyo local y todo lo que necesitas para disfrutar al m\u00e1ximo tu estad\u00eda. \u00a0<\/p>","protected":false},"author":1,"featured_media":1918,"parent":0,"menu_order":0,"comment_status":"closed","ping_status":"closed","template":"elementor_header_footer","meta":{"site-sidebar-layout":"no-sidebar","site-content-layout":"page-builder","ast-site-content-layout":"full-width-container","site-content-style":"unboxed","site-sidebar-style":"unboxed","ast-global-header-display":"","ast-banner-title-visibility":"","ast-main-header-display":"","ast-hfb-above-header-display":"","ast-hfb-below-header-display":"","ast-hfb-mobile-header-display":"","site-post-title":"","ast-breadcrumbs-content":"","ast-featured-img":"disabled","footer-sml-layout":"","ast-disable-related-posts":"","theme-transparent-header-meta":"enabled","adv-header-id-meta":"","stick-header-meta":"","header-above-stick-meta":"","header-main-stick-meta":"","header-below-stick-meta":"","astra-migrate-meta-layouts":"set","ast-page-background-enabled":"default","ast-page-background-meta":{"desktop":{"background-color":"","background-image":"","background-repeat":"repeat","background-position":"center center","background-size":"auto","background-attachment":"scroll","background-type":"","background-media":"","overlay-type":"","overlay-color":"","overlay-opacity":"","overlay-gradient":""},"tablet":{"background-color":"","background-image":"","background-repeat":"repeat","background-position":"center center","background-size":"auto","background-attachment":"scroll","background-type":"","background-media":"","overlay-type":"","overlay-color":"","overlay-opacity":"","overlay-gradient":""},"mobile":{"background-color":"","background-image":"","background-repeat":"repeat","background-position":"center center","background-size":"auto","background-attachment":"scroll","background-type":"","background-media":"","overlay-type":"","overlay-color":"","overlay-opacity":"","overlay-gradient":""}},"ast-content-background-meta":{"desktop":{"background-color":"var(--ast-global-color-5)","background-image":"","background-repeat":"repeat","background-position":"center center","background-size":"auto","background-attachment":"scroll","background-type":"","background-media":"","overlay-type":"","overlay-color":"","overlay-opacity":"","overlay-gradient":""},"tablet":{"background-color":"var(--ast-global-color-5)","background-image":"","background-repeat":"repeat","background-position":"center center","background-size":"auto","background-attachment":"scroll","background-type":"","background-media":"","overlay-type":"","overlay-color":"","overlay-opacity":"","overlay-gradient":""},"mobile":{"background-color":"var(--ast-global-color-5)","background-image":"","background-repeat":"repeat","background-position":"center center","background-size":"auto","background-attachment":"scroll","background-type":"","background-media":"","overlay-type":"","overlay-color":"","overlay-opacity":"","overlay-gradient":""}},"footnotes":""},"class_list":["post-1774","page","type-page","status-publish","has-post-thumbnail","hentry"],"_links":{"self":[{"href":"https:\/\/hostaljirehometepe.com\/en\/wp-json\/wp\/v2\/pages\/1774","targetHints":{"allow":["GET"]}}],"collection":[{"href":"https:\/\/hostaljirehometepe.com\/en\/wp-json\/wp\/v2\/pages"}],"about":[{"href":"https:\/\/hostaljirehometepe.com\/en\/wp-json\/wp\/v2\/types\/page"}],"author":[{"embeddable":true,"href":"https:\/\/hostaljirehometepe.com\/en\/wp-json\/wp\/v2\/users\/1"}],"replies":[{"embeddable":true,"href":"https:\/\/hostaljirehometepe.com\/en\/wp-json\/wp\/v2\/comments?post=1774"}],"version-history":[{"count":21,"href":"https:\/\/hostaljirehometepe.com\/en\/wp-json\/wp\/v2\/pages\/1774\/revisions"}],"predecessor-version":[{"id":2129,"href":"https:\/\/hostaljirehometepe.com\/en\/wp-json\/wp\/v2\/pages\/1774\/revisions\/2129"}],"wp:featuredmedia":[{"embeddable":true,"href":"https:\/\/hostaljirehometepe.com\/en\/wp-json\/wp\/v2\/media\/1918"}],"wp:attachment":[{"href":"https:\/\/hostaljirehometepe.com\/en\/wp-json\/wp\/v2\/media?parent=1774"}],"curies":[{"name":"wp","href":"https:\/\/api.w.org\/{rel}","templated":true}]}}